{"id":91,"date":"2014-04-27T18:51:12","date_gmt":"2014-04-27T16:51:12","guid":{"rendered":"https:\/\/www.villabrunamalcesine.com\/?page_id=91"},"modified":"2019-01-05T14:15:57","modified_gmt":"2019-01-05T13:15:57","slug":"ferienwohnungen-gardasee-direkt-am-see","status":"publish","type":"page","link":"https:\/\/www.villabrunamalcesine.com\/de\/ferienwohnungen-gardasee-direkt-am-see\/","title":{"rendered":"Ferienwohnungen Gardasee Direkt am See"},"content":{"rendered":"<p>Villa Bruna bietet in Cassone di <a href=\"https:\/\/www.villabrunamalcesine.com\/de\/ferienwohnungen-gardasee-direkt-am-see\/\" title=\"Malcesine Ferienwohnung direkt am See\">Malcesine Ferienwohnung direkt am See<\/a> an.<\/p>\n<p>Die <strong>Ferienanlage<\/strong> verf\u00fcgt \u00fcber insgesamt 11 komplett eingerichtete, zum See gelegene <strong>Ferienwohnungen unterschiedlicher Gr\u00f6\u00dfe<\/strong>.<\/p>\n<p><a href=\"https:\/\/www.villabrunamalcesine.com\/de\/ferienwohnungen-gardasee-direkt-am-see\/ferienwohnung-typ-1\/\" title=\"Malcesine Ferienwohnung direkt am See f\u00fcr single und zwei personen\">Einzimmerwohnungen<\/a> mit einem Schlafbereich, <a href=\"https:\/\/www.villabrunamalcesine.com\/de\/ferienwohnungen-gardasee-direkt-am-see\/ferienwohnung-typ-2\/\" title=\"Malcesine Ferienwohnung direkt am See f\u00fcr 4 Personen\">Zweizimmerappartements<\/a> mit m\u00f6glicher Zubettung, die alle mit einem m\u00f6blierten <strong>Balkon<\/strong> oder einer m\u00f6blierten <strong>Terrasse<\/strong> ausgestattet sind und alle \u00fcber einen sehr sch\u00f6nen <strong>Blick auf den See<\/strong> und das <strong>Val di Sogno<\/strong> verf\u00fcgen und ein <a href=\"https:\/\/www.villabrunamalcesine.com\/de\/ferienwohnungen-gardasee-direkt-am-see\/ferienwohnung-typ-3\/\" title=\"Malcesine Ferienwohnung direkt am See f\u00fcr 7 Personen\">Vierzimmerappartement<\/a> mit 2 B\u00e4dern und gro\u00dfem Balkon mit Seeblick, geeignet f\u00fcr <strong>Familien bis 7 Personen<\/strong>.<\/p>\n<h4><div class=\"custom-frame-wrapper alignright frame-shadow\"><div class=\"custom-frame-inner-wrapper\"><div class=\"custom-frame-padding\"><a href=\"https:\/\/www.villabrunamalcesine.com\/wp-content\/gallery\/ferienwohnung-t1-a\/ferienwohnung-malcesine-2-personen-1.jpg\" rel=\"wp-prettyPhoto[91]\"><img loading=\"lazy\" decoding=\"async\" class=\"alignnone\" src=\"https:\/\/www.villabrunamalcesine.com\/wp-content\/gallery\/ferienwohnung-t1-a\/ferienwohnung-malcesine-2-personen-1.jpg\" alt=\"Ferienwohnung Malcesine Villa Bruna Typ 1\" width=\"300\" height=\"200\" \/><\/a><\/div><\/div><\/div> Ferienwohnung Typ 1<\/h4>\n<p><strong>Lage:<\/strong>\u00a02 Etage<br \/>\n<strong>Personen:<\/strong> 2<\/p>\n<p>R\u00e4ume:<\/p>\n\n<ul class=\"list-7\">\n<li>Einzimmerwohnung\u00a0+ Kochnische<\/li>\n<li>Bad<\/li>\n<\/ul>\n\n<p>&nbsp;<\/p>\n<a class=\"large custom-button align-btn-left\" href=\"https:\/\/www.villabrunamalcesine.com\/de\/ferienwohnungen-gardasee-direkt-am-see\/ferienwohnung-typ-1\/\" title=\"Custom Button\"><span style=\"background-color:#FF5C00; color:#FFFFFF\">Ansehen<\/span><\/a>\n<div class=\"divider\"><\/div>\n<h4><div class=\"custom-frame-wrapper alignright frame-shadow\"><div class=\"custom-frame-inner-wrapper\"><div class=\"custom-frame-padding\"><a href=\"https:\/\/www.villabrunamalcesine.com\/wp-content\/uploads\/2014\/02\/Bilocale-4.jpg\" rel=\"wp-prettyPhoto[91]\"><img loading=\"lazy\" decoding=\"async\" class=\"alignnone size-medium wp-image-274\" src=\"https:\/\/www.villabrunamalcesine.com\/wp-content\/uploads\/2014\/02\/Bilocale-4-300x199.jpg\" alt=\"Bilocale-4\" width=\"300\" height=\"199\" srcset=\"https:\/\/www.villabrunamalcesine.com\/wp-content\/uploads\/2014\/02\/Bilocale-4-300x199.jpg 300w, https:\/\/www.villabrunamalcesine.com\/wp-content\/uploads\/2014\/02\/Bilocale-4-400x266.jpg 400w, https:\/\/www.villabrunamalcesine.com\/wp-content\/uploads\/2014\/02\/Bilocale-4.jpg 1024w\" sizes=\"auto, (max-width: 300px) 100vw, 300px\" \/><\/a><\/div><\/div><\/div> Ferienwohnung  Typ 2<\/h4>\n<p><strong>Lage:<\/strong>\u00a01. und 2. Etage<br \/>\n<strong>Personen:<\/strong> 2 + 2<\/p>\n<p>R\u00e4ume:<\/p>\n\n<ul class=\"list-7\">\n<li>Wohnzimmer mit Kochnische<\/li>\n<li>Doppelzimmer<\/li>\n<li>Bad<\/li>\n<li>Balkon<\/li>\n<\/ul>\n\n<p>&nbsp;<\/p>\n<a class=\"large custom-button align-btn-left\" href=\"https:\/\/www.villabrunamalcesine.com\/de\/ferienwohnungen-gardasee-direkt-am-see\/ferienwohnung-typ-2\/\" title=\"Custom Button\"><span style=\"background-color:#FF5C00; color:#FFFFFF\">Ansehen<\/span><\/a>\n<div class=\"divider\"><\/div>\n<h4><div class=\"custom-frame-wrapper alignright frame-shadow\"><div class=\"custom-frame-inner-wrapper\"><div class=\"custom-frame-padding\"><a href=\"https:\/\/www.villabrunamalcesine.com\/wp-content\/gallery\/ferienwohnung-7-personen\/ferienwohnung-gardasee-7-personen-30-2.jpg\" rel=\"wp-prettyPhoto[91]\"><img loading=\"lazy\" decoding=\"async\" class=\"alignnone size-medium wp-image-298\" src=\"https:\/\/www.villabrunamalcesine.com\/wp-content\/gallery\/ferienwohnung-7-personen\/ferienwohnung-gardasee-7-personen-30-2.jpg\" alt=\"Ferienwohnung Malcesine Villa Bruna Typ 3\" width=\"300\" height=\"200\" \/><\/a><\/div><\/div><\/div> Ferienwohnung Typ 3<\/h4>\n<p><strong>Lage:<\/strong>\u00a02.Etage<br \/>\n<strong>Personen:<\/strong>\u00a05 + 2<\/p>\n<p>R\u00e4ume:<\/p>\n\n<ul class=\"list-7\">\n<li>Wohnzimmer<\/li>\n<li>K\u00fcche<\/li>\n<li>Doppelzimmer<\/li>\n<li>Doppelzimmer<\/li>\n<li>Einzelzimmer<\/li>\n<li>Bad<\/li>\n<li>Balkon<\/li>\n<\/ul>\n\n<p>&nbsp;<\/p>\n<a class=\"large custom-button align-btn-left\" href=\"https:\/\/www.villabrunamalcesine.com\/de\/ferienwohnungen-gardasee-direkt-am-see\/ferienwohnung-typ-3\/\" title=\"Custom Button\"><span style=\"background-color:#FF5C00; color:#FFFFFF\">Ansehen<\/span><\/a>\n<div class=\"divider\"><\/div>\n<h4><div class=\"custom-frame-wrapper alignright frame-shadow\"><div class=\"custom-frame-inner-wrapper\"><div class=\"custom-frame-padding\"><a href=\"https:\/\/www.villabrunamalcesine.com\/wp-content\/uploads\/2017\/11\/ferienwohnung-gardasee-direkt-am-see-malcesine-768x512.jpg\" rel=\"wp-prettyPhoto[91]\"><img loading=\"lazy\" decoding=\"async\" class=\"alignnone\" src=\"https:\/\/www.villabrunamalcesine.com\/wp-content\/uploads\/2017\/11\/ferienwohnung-gardasee-direkt-am-see-malcesine-768x512.jpg\" alt=\"Ferienwohnung Malcesine Villa Bruna Typ 4\" width=\"300\" height=\"200\" \/><\/a><\/div><\/div><\/div> Ferienwohnung Typ 4<\/h4>\n<p><strong>Lage:<\/strong>\u00a0Erdgeschoss (neben dem Haupteingang\/ Garagen)<br \/>\n<strong>Personen:<\/strong> 2+2<\/p>\n<p>R\u00e4ume:<\/p>\n\n<ul class=\"list-7\">\n<li>Einzimmerwohnung + Kochnische<br \/>\n(Schlafraum oberhalb in offener Galerie\/ \u00fcber eine steile Treppe erreichbar)\n<\/li>\n<li>Bad<\/li>\n<\/ul>\n\n<p>&nbsp;<\/p>\n<a class=\"large custom-button align-btn-left\" href=\"https:\/\/www.villabrunamalcesine.com\/de\/ferienwohnungen-gardasee-direkt-am-see\/ferienwohnung-typ-4\/\" title=\"Custom Button\"><span style=\"background-color:#FF5C00; color:#FFFFFF\">Ansehen<\/span><\/a>\n","protected":false},"excerpt":{"rendered":"<p>Villa Bruna bietet in Cassone di Malcesine Ferienwohnung direkt am See an. Die Ferienanlage verf\u00fcgt \u00fcber insgesamt 11 komplett eingerichtete, zum See gelegene Ferienwohnungen unterschiedlicher Gr\u00f6\u00dfe. Einzimmerwohnungen mit einem Schlafbereich, Zweizimmerappartements mit m\u00f6glicher Zubettung, die alle mit einem m\u00f6blierten Balkon oder einer m\u00f6blierten Terrasse ausgestattet sind und<\/p>\n","protected":false},"author":1,"featured_media":1012,"parent":0,"menu_order":0,"comment_status":"open","ping_status":"open","template":"page-PageTemplate2.php","meta":{"ngg_post_thumbnail":0,"footnotes":""},"class_list":["post-91","page","type-page","status-publish","has-post-thumbnail","hentry"],"yoast_head":"<!-- This site is optimized with the Yoast SEO plugin v27.5 - https:\/\/yoast.com\/product\/yoast-seo-wordpress\/ -->\n<title>Malcesine Ferienwohnung direkt am See<\/title>\n<meta name=\"description\" content=\"Villa Bruna bietet in Cassone di Malcesine Ferienwohnung direkt am See an. Ferienwohnungen mit Seeblick, unterschiedlicher Gr\u00f6\u00dfe. Garage, Grillplatz,Strand.\" \/>\n<meta name=\"robots\" content=\"index, follow, max-snippet:-1, max-image-preview:large, max-video-preview:-1\" \/>\n<link rel=\"canonical\" href=\"https:\/\/www.villabrunamalcesine.com\/de\/ferienwohnungen-gardasee-direkt-am-see\/\" \/>\n<meta property=\"og:locale\" content=\"de_DE\" \/>\n<meta property=\"og:type\" content=\"article\" \/>\n<meta property=\"og:title\" content=\"Malcesine Ferienwohnung direkt am See\" \/>\n<meta property=\"og:description\" content=\"Villa Bruna bietet in Cassone di Malcesine Ferienwohnung direkt am See an. Ferienwohnungen mit Seeblick, unterschiedlicher Gr\u00f6\u00dfe. Garage, Grillplatz,Strand.\" \/>\n<meta property=\"og:url\" content=\"https:\/\/www.villabrunamalcesine.com\/de\/ferienwohnungen-gardasee-direkt-am-see\/\" \/>\n<meta property=\"og:site_name\" content=\"Villa Bruna\" \/>\n<meta property=\"article:modified_time\" content=\"2019-01-05T13:15:57+00:00\" \/>\n<meta property=\"og:image\" content=\"https:\/\/www.villabrunamalcesine.com\/wp-content\/gallery\/ferienwohnung-t1-a\/ferienwohnung-malcesine-2-personen-1.jpg\" \/>\n<meta name=\"twitter:label1\" content=\"Gesch\u00e4tzte Lesezeit\" \/>\n\t<meta name=\"twitter:data1\" content=\"2\u00a0Minuten\" \/>\n<script type=\"application\/ld+json\" class=\"yoast-schema-graph\">{\"@context\":\"https:\\\/\\\/schema.org\",\"@graph\":[{\"@type\":\"WebPage\",\"@id\":\"https:\\\/\\\/www.villabrunamalcesine.com\\\/de\\\/ferienwohnungen-gardasee-direkt-am-see\\\/\",\"url\":\"https:\\\/\\\/www.villabrunamalcesine.com\\\/de\\\/ferienwohnungen-gardasee-direkt-am-see\\\/\",\"name\":\"Malcesine Ferienwohnung direkt am See\",\"isPartOf\":{\"@id\":\"https:\\\/\\\/www.villabrunamalcesine.com\\\/#website\"},\"primaryImageOfPage\":{\"@id\":\"https:\\\/\\\/www.villabrunamalcesine.com\\\/de\\\/ferienwohnungen-gardasee-direkt-am-see\\\/#primaryimage\"},\"image\":{\"@id\":\"https:\\\/\\\/www.villabrunamalcesine.com\\\/de\\\/ferienwohnungen-gardasee-direkt-am-see\\\/#primaryimage\"},\"thumbnailUrl\":\"https:\\\/\\\/www.villabrunamalcesine.com\\\/wp-content\\\/uploads\\\/2014\\\/02\\\/Bilocale-4.jpg\",\"datePublished\":\"2014-04-27T16:51:12+00:00\",\"dateModified\":\"2019-01-05T13:15:57+00:00\",\"description\":\"Villa Bruna bietet in Cassone di Malcesine Ferienwohnung direkt am See an. Ferienwohnungen mit Seeblick, unterschiedlicher Gr\u00f6\u00dfe. Garage, Grillplatz,Strand.\",\"breadcrumb\":{\"@id\":\"https:\\\/\\\/www.villabrunamalcesine.com\\\/de\\\/ferienwohnungen-gardasee-direkt-am-see\\\/#breadcrumb\"},\"inLanguage\":\"de\",\"potentialAction\":[{\"@type\":\"ReadAction\",\"target\":[\"https:\\\/\\\/www.villabrunamalcesine.com\\\/de\\\/ferienwohnungen-gardasee-direkt-am-see\\\/\"]}]},{\"@type\":\"ImageObject\",\"inLanguage\":\"de\",\"@id\":\"https:\\\/\\\/www.villabrunamalcesine.com\\\/de\\\/ferienwohnungen-gardasee-direkt-am-see\\\/#primaryimage\",\"url\":\"https:\\\/\\\/www.villabrunamalcesine.com\\\/wp-content\\\/uploads\\\/2014\\\/02\\\/Bilocale-4.jpg\",\"contentUrl\":\"https:\\\/\\\/www.villabrunamalcesine.com\\\/wp-content\\\/uploads\\\/2014\\\/02\\\/Bilocale-4.jpg\",\"width\":1024,\"height\":682},{\"@type\":\"BreadcrumbList\",\"@id\":\"https:\\\/\\\/www.villabrunamalcesine.com\\\/de\\\/ferienwohnungen-gardasee-direkt-am-see\\\/#breadcrumb\",\"itemListElement\":[{\"@type\":\"ListItem\",\"position\":1,\"name\":\"Home\",\"item\":\"https:\\\/\\\/www.villabrunamalcesine.com\\\/de\\\/\"},{\"@type\":\"ListItem\",\"position\":2,\"name\":\"Ferienwohnungen Gardasee Direkt am See\"}]},{\"@type\":\"WebSite\",\"@id\":\"https:\\\/\\\/www.villabrunamalcesine.com\\\/#website\",\"url\":\"https:\\\/\\\/www.villabrunamalcesine.com\\\/\",\"name\":\"Villa Bruna\",\"description\":\"\",\"potentialAction\":[{\"@type\":\"SearchAction\",\"target\":{\"@type\":\"EntryPoint\",\"urlTemplate\":\"https:\\\/\\\/www.villabrunamalcesine.com\\\/?s={search_term_string}\"},\"query-input\":{\"@type\":\"PropertyValueSpecification\",\"valueRequired\":true,\"valueName\":\"search_term_string\"}}],\"inLanguage\":\"de\"}]}<\/script>\n<!-- \/ Yoast SEO plugin. -->","yoast_head_json":{"title":"Malcesine Ferienwohnung direkt am See","description":"Villa Bruna bietet in Cassone di Malcesine Ferienwohnung direkt am See an. Ferienwohnungen mit Seeblick, unterschiedlicher Gr\u00f6\u00dfe. Garage, Grillplatz,Strand.","robots":{"index":"index","follow":"follow","max-snippet":"max-snippet:-1","max-image-preview":"max-image-preview:large","max-video-preview":"max-video-preview:-1"},"canonical":"https:\/\/www.villabrunamalcesine.com\/de\/ferienwohnungen-gardasee-direkt-am-see\/","og_locale":"de_DE","og_type":"article","og_title":"Malcesine Ferienwohnung direkt am See","og_description":"Villa Bruna bietet in Cassone di Malcesine Ferienwohnung direkt am See an. Ferienwohnungen mit Seeblick, unterschiedlicher Gr\u00f6\u00dfe. Garage, Grillplatz,Strand.","og_url":"https:\/\/www.villabrunamalcesine.com\/de\/ferienwohnungen-gardasee-direkt-am-see\/","og_site_name":"Villa Bruna","article_modified_time":"2019-01-05T13:15:57+00:00","og_image":[{"url":"https:\/\/www.villabrunamalcesine.com\/wp-content\/gallery\/ferienwohnung-t1-a\/ferienwohnung-malcesine-2-personen-1.jpg","type":"","width":"","height":""}],"twitter_misc":{"Gesch\u00e4tzte Lesezeit":"2\u00a0Minuten"},"schema":{"@context":"https:\/\/schema.org","@graph":[{"@type":"WebPage","@id":"https:\/\/www.villabrunamalcesine.com\/de\/ferienwohnungen-gardasee-direkt-am-see\/","url":"https:\/\/www.villabrunamalcesine.com\/de\/ferienwohnungen-gardasee-direkt-am-see\/","name":"Malcesine Ferienwohnung direkt am See","isPartOf":{"@id":"https:\/\/www.villabrunamalcesine.com\/#website"},"primaryImageOfPage":{"@id":"https:\/\/www.villabrunamalcesine.com\/de\/ferienwohnungen-gardasee-direkt-am-see\/#primaryimage"},"image":{"@id":"https:\/\/www.villabrunamalcesine.com\/de\/ferienwohnungen-gardasee-direkt-am-see\/#primaryimage"},"thumbnailUrl":"https:\/\/www.villabrunamalcesine.com\/wp-content\/uploads\/2014\/02\/Bilocale-4.jpg","datePublished":"2014-04-27T16:51:12+00:00","dateModified":"2019-01-05T13:15:57+00:00","description":"Villa Bruna bietet in Cassone di Malcesine Ferienwohnung direkt am See an. Ferienwohnungen mit Seeblick, unterschiedlicher Gr\u00f6\u00dfe. Garage, Grillplatz,Strand.","breadcrumb":{"@id":"https:\/\/www.villabrunamalcesine.com\/de\/ferienwohnungen-gardasee-direkt-am-see\/#breadcrumb"},"inLanguage":"de","potentialAction":[{"@type":"ReadAction","target":["https:\/\/www.villabrunamalcesine.com\/de\/ferienwohnungen-gardasee-direkt-am-see\/"]}]},{"@type":"ImageObject","inLanguage":"de","@id":"https:\/\/www.villabrunamalcesine.com\/de\/ferienwohnungen-gardasee-direkt-am-see\/#primaryimage","url":"https:\/\/www.villabrunamalcesine.com\/wp-content\/uploads\/2014\/02\/Bilocale-4.jpg","contentUrl":"https:\/\/www.villabrunamalcesine.com\/wp-content\/uploads\/2014\/02\/Bilocale-4.jpg","width":1024,"height":682},{"@type":"BreadcrumbList","@id":"https:\/\/www.villabrunamalcesine.com\/de\/ferienwohnungen-gardasee-direkt-am-see\/#breadcrumb","itemListElement":[{"@type":"ListItem","position":1,"name":"Home","item":"https:\/\/www.villabrunamalcesine.com\/de\/"},{"@type":"ListItem","position":2,"name":"Ferienwohnungen Gardasee Direkt am See"}]},{"@type":"WebSite","@id":"https:\/\/www.villabrunamalcesine.com\/#website","url":"https:\/\/www.villabrunamalcesine.com\/","name":"Villa Bruna","description":"","potentialAction":[{"@type":"SearchAction","target":{"@type":"EntryPoint","urlTemplate":"https:\/\/www.villabrunamalcesine.com\/?s={search_term_string}"},"query-input":{"@type":"PropertyValueSpecification","valueRequired":true,"valueName":"search_term_string"}}],"inLanguage":"de"}]}},"_links":{"self":[{"href":"https:\/\/www.villabrunamalcesine.com\/de\/wp-json\/wp\/v2\/pages\/91","targetHints":{"allow":["GET"]}}],"collection":[{"href":"https:\/\/www.villabrunamalcesine.com\/de\/wp-json\/wp\/v2\/pages"}],"about":[{"href":"https:\/\/www.villabrunamalcesine.com\/de\/wp-json\/wp\/v2\/types\/page"}],"author":[{"embeddable":true,"href":"https:\/\/www.villabrunamalcesine.com\/de\/wp-json\/wp\/v2\/users\/1"}],"replies":[{"embeddable":true,"href":"https:\/\/www.villabrunamalcesine.com\/de\/wp-json\/wp\/v2\/comments?post=91"}],"version-history":[{"count":10,"href":"https:\/\/www.villabrunamalcesine.com\/de\/wp-json\/wp\/v2\/pages\/91\/revisions"}],"predecessor-version":[{"id":659,"href":"https:\/\/www.villabrunamalcesine.com\/de\/wp-json\/wp\/v2\/pages\/91\/revisions\/659"}],"wp:featuredmedia":[{"embeddable":true,"href":"https:\/\/www.villabrunamalcesine.com\/de\/wp-json\/wp\/v2\/media\/1012"}],"wp:attachment":[{"href":"https:\/\/www.villabrunamalcesine.com\/de\/wp-json\/wp\/v2\/media?parent=91"}],"curies":[{"name":"wp","href":"https:\/\/api.w.org\/{rel}","templated":true}]}}