{"id":72,"date":"2014-04-19T18:23:21","date_gmt":"2014-04-19T18:23:21","guid":{"rendered":"https:\/\/www.villabrunamalcesine.com\/?page_id=72"},"modified":"2019-11-28T18:51:40","modified_gmt":"2019-11-28T17:51:40","slug":"ferienwohnungen-villa-bruna-gardasee-malcesine-cassone","status":"publish","type":"page","link":"https:\/\/www.villabrunamalcesine.com\/de\/","title":{"rendered":"Ferienwohnungen Villa Bruna Gardasee Malcesine Cassone"},"content":{"rendered":"<div class=\"wpb-content-wrapper\">[vc_row][vc_column][rev_slider_vc alias=&#8220;home&#8220;][\/vc_column][\/vc_row][vc_row css=&#8220;.vc_custom_1422550565850{margin-right: 30px !important;margin-left: 30px !important;}&#8220;][vc_column width=&#8220;1\/4&#8243;][vc_single_image image=&#8220;1115&#8243; img_size=&#8220;full&#8220; alignment=&#8220;center&#8220; onclick=&#8220;custom_link&#8220; css_animation=&#8220;none&#8220; title=&#8220;Wohnen&#8220; img_link=&#8220;&#8220; link=&#8220;https:\/\/www.villabrunamalcesine.com\/de\/ferienwohnungen-gardasee-direkt-am-see\/&#8220;][\/vc_column][vc_column width=&#8220;1\/4&#8243;][vc_single_image image=&#8220;1119&#8243; img_size=&#8220;full&#8220; alignment=&#8220;center&#8220; onclick=&#8220;custom_link&#8220; css_animation=&#8220;none&#8220; title=&#8220;Angebote&#8220; img_link=&#8220;&#8220; link=&#8220;https:\/\/www.villabrunamalcesine.com\/de\/urlaub-gardasee-angebote\/&#8220;][\/vc_column][vc_column width=&#8220;1\/4&#8243;][vc_single_image image=&#8220;269&#8243; img_size=&#8220;full&#8220; alignment=&#8220;center&#8220; onclick=&#8220;custom_link&#8220; css_animation=&#8220;none&#8220; title=&#8220;Wassersport&#8220; img_link=&#8220;&#8220; link=&#8220;https:\/\/www.villabrunamalcesine.com\/de\/wassersport-package\/&#8220;][\/vc_column][vc_column width=&#8220;1\/4&#8243;][vc_single_image image=&#8220;1123&#8243; img_size=&#8220;full&#8220; alignment=&#8220;center&#8220; onclick=&#8220;custom_link&#8220; css_animation=&#8220;none&#8220; title=&#8220;Umgebung-Info&#8220; img_link=&#8220;&#8220; link=&#8220;https:\/\/www.villabrunamalcesine.com\/de\/category\/umgebung\/&#8220;][\/vc_column][\/vc_row][vc_row][vc_column width=&#8220;1\/2&#8243;][vc_column_text]HERZLICH WILLKOMMEN IN DER \u201eVILLA BRUNA\u201c!<\/p>\n<p>Nur wenige Schritte vom <strong>Ufer des Gardasees<\/strong> entfernt, direkt an einem sch\u00f6nen Strand gelegen, eingebettet zwischen See und <strong>Monte Baldo<\/strong> Massiv, finden Sie unsere <strong>Ferienwohnungen<\/strong> \u201e<a title=\"Ferienwohnung Malcesine Direkt am See\" href=\"https:\/\/www.villabrunamalcesine.com\/de\/\">Appartamenti Villa Bruna<\/a>\u201c.<\/p>\n<p>Die \u201eVilla Bruna\u201c, mit viel Herz und Seele von uns, der <strong>Familie Cressotti<\/strong>, gef\u00fchrt, bietet Ihnen 11 komplett eingerichtete, <a title=\"Ferienwohnungen Gardasee Direkt am See\" href=\"https:\/\/www.villabrunamalcesine.com\/de\/ferienwohnungen-gardasee-direkt-am-see\/\">zum See gelegene Ferienwohnungen<\/a> unterschiedlicher Gr\u00f6\u00dfe. Fast alle Ferienwohnungen verf\u00fcgen \u00fcber einem Balkon mit wundersch\u00f6nem Blick auf den&nbsp;See und das \u201e<strong>Val di Sogno<\/strong>\u201c (Traumtal).<\/p>\n<p>Entlang der gegen\u00fcberliegenden <strong>Seepromenade mit Radweg<\/strong>, die nur durch die Gardaseeuferstra\u00dfe von unserem Haus getrennt ist, erreichen Sie nach ca.150 m den charakteristischen Ort <a title=\"Cassone Malcesine Gardasee\" href=\"https:\/\/www.villabrunamalcesine.com\/de\/category\/lokal-info\/cassone-lokal-info\/\">Cassone<\/a> mit malerischem Hafen. <a href=\"https:\/\/www.villabrunamalcesine.com\/wp-content\/uploads\/2014\/05\/malcesine-lago-di-garda-gardasee1.jpg\" rel=\"wp-prettyPhoto[72]\"><img loading=\"lazy\" decoding=\"async\" class=\" size-medium wp-image-257 aligncenter\" src=\"https:\/\/www.villabrunamalcesine.com\/wp-content\/uploads\/2014\/05\/malcesine-lago-di-garda-gardasee1-300x199.jpg\" alt=\"Malcesine am Gardasee\" width=\"300\" height=\"199\" srcset=\"https:\/\/www.villabrunamalcesine.com\/wp-content\/uploads\/2014\/05\/malcesine-lago-di-garda-gardasee1-300x199.jpg 300w, https:\/\/www.villabrunamalcesine.com\/wp-content\/uploads\/2014\/05\/malcesine-lago-di-garda-gardasee1.jpg 1024w\" sizes=\"auto, (max-width: 300px) 100vw, 300px\" \/><\/a><\/p>\n<p>In n\u00f6rdlicher Richtung finden Sie in ca. 3 km Entfernung das bezaubernde <a title=\"Malcesine Gardasee Italien\" href=\"https:\/\/www.villabrunamalcesine.com\/de\/category\/lokal-info\/malcesine-lokal-info\/\">Malcesine<\/a>, einen der sch\u00f6nsten und bekanntesten Orte am Gardasee.<\/p>\n<p>Unsere Stammg\u00e4ste sch\u00e4tzen an der \u201eVilla Bruna\u201c die optimale Lage f\u00fcr <a title=\"Urlaubsangebote Gardasee\" href=\"https:\/\/www.villabrunamalcesine.com\/de\/tag\/urlaubs-package\/\">jede Art von Urlaub<\/a>, die ungezwungene und famili\u00e4re Atmosph\u00e4re, unsere <strong>italienisch-deutsche Gastfreundschaft<\/strong> und nicht zu vergessen unser <strong>gutes Preis-Leistungsverh\u00e4ltnis<\/strong>.<\/p>\n<p>Werden auch Sie unsere G\u00e4ste und genie\u00dfen Sie ganz unabh\u00e4ngig Ihre Auszeit vom Alltag in netter und <a title=\"Ferienwohnungen am Gardasee f\u00fcr Familien\" href=\"https:\/\/www.villabrunamalcesine.com\/de\/ferienwohnung-gardasee-malcesine-cassone\/\">famili\u00e4rer Atmosph\u00e4re<\/a>.<\/p>\n<p>Wir freuen uns auf Sie!<\/p>\n<p>Familie Cressotti[\/vc_column_text][\/vc_column][vc_column width=&#8220;1\/2&#8243;][vc_row_inner][vc_column_inner][vc_column_text]<div class=\"widget widget_latest_posts\"><h3 class=\"widgettitle\">Urlaubsangebote<\/h3>\t\t\t<div class=\"latest_posts\">\n\t\t\t<ul class=\"small-thumb\">\n\t\t\t\t\t\t\t\t\t<li>\n\t\t\t\t\t\t<div class=\"small-custom-frame-wrapper alignleft frame-shadow\"><div class=\"custom-frame-inner-wrapper\"><div class=\"custom-frame-padding\"><a href=\"https:\/\/www.villabrunamalcesine.com\/de\/wander-package\/\" title=\"Wander &#8211; Package\"><img loading=\"lazy\" decoding=\"async\" src=\"https:\/\/www.villabrunamalcesine.com\/wp-content\/uploads\/2014\/04\/gardasee-wandern-angebote-100x80_c.jpg\" width=\"100\" height=\"80\" alt=\"Wanderangebote Gardasee\" \/><\/a><\/div><\/div><\/div>\t\t\t\t\t\t<a class=\"teaser-title\" title=\"Wander &#8211; Package\" href=\"https:\/\/www.villabrunamalcesine.com\/de\/wander-package\/\">Wander &#8211; Package<\/a>\n\t\t\t\t\t\t\t\t\t\t\t\t<div class=\"teaser-content\">\n\t\t\t\t\t\tErleben und erwandern Sie die einmalige Landschaft des n\u00f6rdlichen Gardasees. Am Fu\u00dfe des Monte Baldo\u2019s untergebracht, starten Sie mit Ihrer Erkundungstour des \u201eBotanischen...\t\t\t\t\t\t<\/div>\n\t\t\t\t\t\t\t\t\t\t\t\t<div class=\"clear\"><\/div>\n\t\t\t\t\t<\/li>\n\t\t\t\t\t\t\t\t<\/ul>\n\t\t\t<\/div><!-- end widget_recent_posts -->\n\t\t\t<\/div>[\/vc_column_text][vc_column_text]<div class=\"widget widget_latest_posts\">\t\t\t<div class=\"latest_posts\">\n\t\t\t<ul class=\"small-thumb\">\n\t\t\t\t\t\t\t\t\t<li>\n\t\t\t\t\t\t<div class=\"small-custom-frame-wrapper alignleft frame-shadow\"><div class=\"custom-frame-inner-wrapper\"><div class=\"custom-frame-padding\"><a href=\"https:\/\/www.villabrunamalcesine.com\/de\/kultur-ausflugs-package\/\" title=\"Kultur Ausflugs &#8211; Package\"><img loading=\"lazy\" decoding=\"async\" src=\"https:\/\/www.villabrunamalcesine.com\/wp-content\/uploads\/2014\/04\/gardasee-schifffahrt-2-100x80_c.jpg\" width=\"100\" height=\"80\" alt=\"Gardasee Schifffahrt\" \/><\/a><\/div><\/div><\/div>\t\t\t\t\t\t<a class=\"teaser-title\" title=\"Kultur Ausflugs &#8211; Package\" href=\"https:\/\/www.villabrunamalcesine.com\/de\/kultur-ausflugs-package\/\">Kultur Ausflugs &#8211; Package<\/a>\n\t\t\t\t\t\t\t\t\t\t\t\t<div class=\"teaser-content\">\n\t\t\t\t\t\tSie waren noch nie am Gardasee? Dann wird es aber h\u00f6chste Zeit! Au\u00dferhalb der Hochsaison ist die optimalste Reisezeit f\u00fcr Sie! Entdecken Sie...\t\t\t\t\t\t<\/div>\n\t\t\t\t\t\t\t\t\t\t\t\t<div class=\"clear\"><\/div>\n\t\t\t\t\t<\/li>\n\t\t\t\t\t\t\t\t<\/ul>\n\t\t\t<\/div><!-- end widget_recent_posts -->\n\t\t\t<\/div>[\/vc_column_text][vc_column_text]<div class=\"widget widget_latest_posts\">\t\t\t<div class=\"latest_posts\">\n\t\t\t<ul class=\"small-thumb\">\n\t\t\t\t\t\t\t\t\t<li>\n\t\t\t\t\t\t<div class=\"small-custom-frame-wrapper alignleft frame-shadow\"><div class=\"custom-frame-inner-wrapper\"><div class=\"custom-frame-padding\"><a href=\"https:\/\/www.villabrunamalcesine.com\/de\/schlemmer-und-genieser-package\/\" title=\"Schlemmer und Genie\u00dfer \u2013 Package\"><img loading=\"lazy\" decoding=\"async\" src=\"https:\/\/www.villabrunamalcesine.com\/wp-content\/uploads\/2014\/04\/gardasee-essen-trinken-2-100x80_c.jpg\" width=\"100\" height=\"80\" alt=\"Schlemmer und Genie\u00dfer \u2013 Package\" \/><\/a><\/div><\/div><\/div>\t\t\t\t\t\t<a class=\"teaser-title\" title=\"Schlemmer und Genie\u00dfer \u2013 Package\" href=\"https:\/\/www.villabrunamalcesine.com\/de\/schlemmer-und-genieser-package\/\">Schlemmer und Genie\u00dfer \u2013 Package<\/a>\n\t\t\t\t\t\t\t\t\t\t\t\t<div class=\"teaser-content\">\n\t\t\t\t\t\tSchlemmerspaziergang oder Fish and Chef in Malcesine, Wein- und Traubenfeste in Bardolino, kostenloser Besuch des \u00d6l- oder Weinmuseums und noch Vieles mehr&#8230;erwartet Sie...\t\t\t\t\t\t<\/div>\n\t\t\t\t\t\t\t\t\t\t\t\t<div class=\"clear\"><\/div>\n\t\t\t\t\t<\/li>\n\t\t\t\t\t\t\t\t<\/ul>\n\t\t\t<\/div><!-- end widget_recent_posts -->\n\t\t\t<\/div>[\/vc_column_text][\/vc_column_inner][\/vc_row_inner][vc_posts_slider type=&#8220;flexslider_slide&#8220; count=&#8220;4&#8243; interval=&#8220;5&#8243; thumb_size=&#8220;full&#8220; title=&#8220;Wassersport-Kurse&#8220; posttypes=&#8220;post&#8220; posts_in=&#8220;210,206,201,197&#8243;][\/vc_column][\/vc_row]\n<\/div>","protected":false},"excerpt":{"rendered":"<p>[vc_row][vc_column][rev_slider_vc alias=&#8220;home&#8220;][\/vc_column][\/vc_row][vc_row css=&#8220;.vc_custom_1422550565850{margin-right: 30px !important;margin-left: 30px !important;}&#8220;][vc_column width=&#8220;1\/4&#8243;][vc_single_image image=&#8220;1115&#8243; img_size=&#8220;full&#8220; alignment=&#8220;center&#8220; onclick=&#8220;custom_link&#8220; css_animation=&#8220;none&#8220; title=&#8220;Wohnen&#8220; img_link=&#8220;&#8220; link=&#8220;https:\/\/www.villabrunamalcesine.com\/de\/ferienwohnungen-gardasee-direkt-am-see\/&#8220;][\/vc_column][vc_column width=&#8220;1\/4&#8243;][vc_single_image image=&#8220;1119&#8243; img_size=&#8220;full&#8220; alignment=&#8220;center&#8220; onclick=&#8220;custom_link&#8220; css_animation=&#8220;none&#8220; title=&#8220;Angebote&#8220; img_link=&#8220;&#8220; link=&#8220;https:\/\/www.villabrunamalcesine.com\/de\/urlaub-gardasee-angebote\/&#8220;][\/vc_column][vc_column width=&#8220;1\/4&#8243;][vc_single_image image=&#8220;269&#8243; img_size=&#8220;full&#8220; alignment=&#8220;center&#8220; onclick=&#8220;custom_link&#8220; css_animation=&#8220;none&#8220; title=&#8220;Wassersport&#8220; img_link=&#8220;&#8220; link=&#8220;https:\/\/www.villabrunamalcesine.com\/de\/wassersport-package\/&#8220;][\/vc_column][vc_column width=&#8220;1\/4&#8243;][vc_single_image image=&#8220;1123&#8243; img_size=&#8220;full&#8220; alignment=&#8220;center&#8220; onclick=&#8220;custom_link&#8220; css_animation=&#8220;none&#8220; title=&#8220;Umgebung-Info&#8220; img_link=&#8220;&#8220; link=&#8220;https:\/\/www.villabrunamalcesine.com\/de\/category\/umgebung\/&#8220;][\/vc_column][\/vc_row][vc_row][vc_column width=&#8220;1\/2&#8243;][vc_column_text]HERZLICH WILLKOMMEN IN DER<\/p>\n","protected":false},"author":1,"featured_media":0,"parent":0,"menu_order":0,"comment_status":"open","ping_status":"open","template":"page-FullWidth.php","meta":{"ngg_post_thumbnail":0,"footnotes":""},"class_list":["post-72","page","type-page","status-publish","hentry"],"yoast_head":"<!-- This site is optimized with the Yoast SEO plugin v27.5 - https:\/\/yoast.com\/product\/yoast-seo-wordpress\/ -->\n<title>Ferienwohnungen Villa Bruna Gardasee Malcesine Cassone<\/title>\n<meta name=\"description\" content=\"Ferienwohnungen Villa Bruna Malcesine - Via Gardesana 74, I-37018 Cassone di Malcesine - Direkt am See - Balkon zum See, Garage, 100m zum Dorf.\" \/>\n<meta name=\"robots\" content=\"index, follow, max-snippet:-1, max-image-preview:large, max-video-preview:-1\" \/>\n<link rel=\"canonical\" href=\"https:\/\/www.villabrunamalcesine.com\/de\/\" \/>\n<meta property=\"og:locale\" content=\"de_DE\" \/>\n<meta property=\"og:type\" content=\"article\" \/>\n<meta property=\"og:title\" content=\"Ferienwohnungen Villa Bruna Gardasee Malcesine Cassone\" \/>\n<meta property=\"og:description\" content=\"Ferienwohnungen Villa Bruna Malcesine - Via Gardesana 74, I-37018 Cassone di Malcesine - Direkt am See - Balkon zum See, Garage, 100m zum Dorf.\" \/>\n<meta property=\"og:url\" content=\"https:\/\/www.villabrunamalcesine.com\/de\/\" \/>\n<meta property=\"og:site_name\" content=\"Villa Bruna\" \/>\n<meta property=\"article:modified_time\" content=\"2019-11-28T17:51:40+00:00\" \/>\n<meta property=\"og:image\" content=\"https:\/\/www.villabrunamalcesine.com\/wp-content\/uploads\/2014\/05\/malcesine-lago-di-garda-gardasee1-300x199.jpg\" \/>\n<meta name=\"twitter:label1\" content=\"Gesch\u00e4tzte Lesezeit\" \/>\n\t<meta name=\"twitter:data1\" content=\"3\u00a0Minuten\" \/>\n<script type=\"application\/ld+json\" class=\"yoast-schema-graph\">{\"@context\":\"https:\\\/\\\/schema.org\",\"@graph\":[{\"@type\":\"WebPage\",\"@id\":\"https:\\\/\\\/www.villabrunamalcesine.com\\\/de\\\/\",\"url\":\"https:\\\/\\\/www.villabrunamalcesine.com\\\/de\\\/\",\"name\":\"Ferienwohnungen Villa Bruna Gardasee Malcesine Cassone\",\"isPartOf\":{\"@id\":\"https:\\\/\\\/www.villabrunamalcesine.com\\\/#website\"},\"primaryImageOfPage\":{\"@id\":\"https:\\\/\\\/www.villabrunamalcesine.com\\\/de\\\/#primaryimage\"},\"image\":{\"@id\":\"https:\\\/\\\/www.villabrunamalcesine.com\\\/de\\\/#primaryimage\"},\"thumbnailUrl\":\"https:\\\/\\\/www.villabrunamalcesine.com\\\/wp-content\\\/uploads\\\/2014\\\/05\\\/malcesine-lago-di-garda-gardasee1-300x199.jpg\",\"datePublished\":\"2014-04-19T18:23:21+00:00\",\"dateModified\":\"2019-11-28T17:51:40+00:00\",\"description\":\"Ferienwohnungen Villa Bruna Malcesine - Via Gardesana 74, I-37018 Cassone di Malcesine - Direkt am See - Balkon zum See, Garage, 100m zum Dorf.\",\"breadcrumb\":{\"@id\":\"https:\\\/\\\/www.villabrunamalcesine.com\\\/de\\\/#breadcrumb\"},\"inLanguage\":\"de\",\"potentialAction\":[{\"@type\":\"ReadAction\",\"target\":[\"https:\\\/\\\/www.villabrunamalcesine.com\\\/de\\\/\"]}]},{\"@type\":\"ImageObject\",\"inLanguage\":\"de\",\"@id\":\"https:\\\/\\\/www.villabrunamalcesine.com\\\/de\\\/#primaryimage\",\"url\":\"https:\\\/\\\/www.villabrunamalcesine.com\\\/wp-content\\\/uploads\\\/2014\\\/05\\\/malcesine-lago-di-garda-gardasee1-300x199.jpg\",\"contentUrl\":\"https:\\\/\\\/www.villabrunamalcesine.com\\\/wp-content\\\/uploads\\\/2014\\\/05\\\/malcesine-lago-di-garda-gardasee1-300x199.jpg\"},{\"@type\":\"BreadcrumbList\",\"@id\":\"https:\\\/\\\/www.villabrunamalcesine.com\\\/de\\\/#breadcrumb\",\"itemListElement\":[{\"@type\":\"ListItem\",\"position\":1,\"name\":\"Home\",\"item\":\"https:\\\/\\\/www.villabrunamalcesine.com\\\/de\\\/\"},{\"@type\":\"ListItem\",\"position\":2,\"name\":\"Ferienwohnungen Villa Bruna Gardasee Malcesine Cassone\"}]},{\"@type\":\"WebSite\",\"@id\":\"https:\\\/\\\/www.villabrunamalcesine.com\\\/#website\",\"url\":\"https:\\\/\\\/www.villabrunamalcesine.com\\\/\",\"name\":\"Villa Bruna\",\"description\":\"\",\"potentialAction\":[{\"@type\":\"SearchAction\",\"target\":{\"@type\":\"EntryPoint\",\"urlTemplate\":\"https:\\\/\\\/www.villabrunamalcesine.com\\\/?s={search_term_string}\"},\"query-input\":{\"@type\":\"PropertyValueSpecification\",\"valueRequired\":true,\"valueName\":\"search_term_string\"}}],\"inLanguage\":\"de\"}]}<\/script>\n<!-- \/ Yoast SEO plugin. -->","yoast_head_json":{"title":"Ferienwohnungen Villa Bruna Gardasee Malcesine Cassone","description":"Ferienwohnungen Villa Bruna Malcesine - Via Gardesana 74, I-37018 Cassone di Malcesine - Direkt am See - Balkon zum See, Garage, 100m zum Dorf.","robots":{"index":"index","follow":"follow","max-snippet":"max-snippet:-1","max-image-preview":"max-image-preview:large","max-video-preview":"max-video-preview:-1"},"canonical":"https:\/\/www.villabrunamalcesine.com\/de\/","og_locale":"de_DE","og_type":"article","og_title":"Ferienwohnungen Villa Bruna Gardasee Malcesine Cassone","og_description":"Ferienwohnungen Villa Bruna Malcesine - Via Gardesana 74, I-37018 Cassone di Malcesine - Direkt am See - Balkon zum See, Garage, 100m zum Dorf.","og_url":"https:\/\/www.villabrunamalcesine.com\/de\/","og_site_name":"Villa Bruna","article_modified_time":"2019-11-28T17:51:40+00:00","og_image":[{"url":"https:\/\/www.villabrunamalcesine.com\/wp-content\/uploads\/2014\/05\/malcesine-lago-di-garda-gardasee1-300x199.jpg","type":"","width":"","height":""}],"twitter_misc":{"Gesch\u00e4tzte Lesezeit":"3\u00a0Minuten"},"schema":{"@context":"https:\/\/schema.org","@graph":[{"@type":"WebPage","@id":"https:\/\/www.villabrunamalcesine.com\/de\/","url":"https:\/\/www.villabrunamalcesine.com\/de\/","name":"Ferienwohnungen Villa Bruna Gardasee Malcesine Cassone","isPartOf":{"@id":"https:\/\/www.villabrunamalcesine.com\/#website"},"primaryImageOfPage":{"@id":"https:\/\/www.villabrunamalcesine.com\/de\/#primaryimage"},"image":{"@id":"https:\/\/www.villabrunamalcesine.com\/de\/#primaryimage"},"thumbnailUrl":"https:\/\/www.villabrunamalcesine.com\/wp-content\/uploads\/2014\/05\/malcesine-lago-di-garda-gardasee1-300x199.jpg","datePublished":"2014-04-19T18:23:21+00:00","dateModified":"2019-11-28T17:51:40+00:00","description":"Ferienwohnungen Villa Bruna Malcesine - Via Gardesana 74, I-37018 Cassone di Malcesine - Direkt am See - Balkon zum See, Garage, 100m zum Dorf.","breadcrumb":{"@id":"https:\/\/www.villabrunamalcesine.com\/de\/#breadcrumb"},"inLanguage":"de","potentialAction":[{"@type":"ReadAction","target":["https:\/\/www.villabrunamalcesine.com\/de\/"]}]},{"@type":"ImageObject","inLanguage":"de","@id":"https:\/\/www.villabrunamalcesine.com\/de\/#primaryimage","url":"https:\/\/www.villabrunamalcesine.com\/wp-content\/uploads\/2014\/05\/malcesine-lago-di-garda-gardasee1-300x199.jpg","contentUrl":"https:\/\/www.villabrunamalcesine.com\/wp-content\/uploads\/2014\/05\/malcesine-lago-di-garda-gardasee1-300x199.jpg"},{"@type":"BreadcrumbList","@id":"https:\/\/www.villabrunamalcesine.com\/de\/#breadcrumb","itemListElement":[{"@type":"ListItem","position":1,"name":"Home","item":"https:\/\/www.villabrunamalcesine.com\/de\/"},{"@type":"ListItem","position":2,"name":"Ferienwohnungen Villa Bruna Gardasee Malcesine Cassone"}]},{"@type":"WebSite","@id":"https:\/\/www.villabrunamalcesine.com\/#website","url":"https:\/\/www.villabrunamalcesine.com\/","name":"Villa Bruna","description":"","potentialAction":[{"@type":"SearchAction","target":{"@type":"EntryPoint","urlTemplate":"https:\/\/www.villabrunamalcesine.com\/?s={search_term_string}"},"query-input":{"@type":"PropertyValueSpecification","valueRequired":true,"valueName":"search_term_string"}}],"inLanguage":"de"}]}},"_links":{"self":[{"href":"https:\/\/www.villabrunamalcesine.com\/de\/wp-json\/wp\/v2\/pages\/72","targetHints":{"allow":["GET"]}}],"collection":[{"href":"https:\/\/www.villabrunamalcesine.com\/de\/wp-json\/wp\/v2\/pages"}],"about":[{"href":"https:\/\/www.villabrunamalcesine.com\/de\/wp-json\/wp\/v2\/types\/page"}],"author":[{"embeddable":true,"href":"https:\/\/www.villabrunamalcesine.com\/de\/wp-json\/wp\/v2\/users\/1"}],"replies":[{"embeddable":true,"href":"https:\/\/www.villabrunamalcesine.com\/de\/wp-json\/wp\/v2\/comments?post=72"}],"version-history":[{"count":21,"href":"https:\/\/www.villabrunamalcesine.com\/de\/wp-json\/wp\/v2\/pages\/72\/revisions"}],"predecessor-version":[{"id":1264,"href":"https:\/\/www.villabrunamalcesine.com\/de\/wp-json\/wp\/v2\/pages\/72\/revisions\/1264"}],"wp:attachment":[{"href":"https:\/\/www.villabrunamalcesine.com\/de\/wp-json\/wp\/v2\/media?parent=72"}],"curies":[{"name":"wp","href":"https:\/\/api.w.org\/{rel}","templated":true}]}}