{"id":708,"date":"2015-02-14T12:56:04","date_gmt":"2015-02-14T11:56:04","guid":{"rendered":"https:\/\/www.villabrunamalcesine.com\/?page_id=708"},"modified":"2015-02-15T12:06:13","modified_gmt":"2015-02-15T11:06:13","slug":"garage-parkplatz","status":"publish","type":"page","link":"https:\/\/www.villabrunamalcesine.com\/de\/serviceleistungen\/garage-parkplatz\/","title":{"rendered":"Garage und Parkplatz"},"content":{"rendered":"<div class=\"wpb-content-wrapper\">[vc_row][vc_column][vc_column_text]<div style=\"text-align:center;\"><div class=\"custom-frame-wrapper aligncenter\"><div class=\"custom-frame-inner-wrapper\"><div class=\"custom-frame-padding\"><a href=\"https:\/\/www.villabrunamalcesine.com\/serviceleistungen\/garage\/ferienwohnung-malcesine-gardasee-mit-garage-6\/\" rel=\"attachment wp-att-715\"><img loading=\"lazy\" decoding=\"async\" class=\"alignnone size-full wp-image-715\" src=\"https:\/\/www.villabrunamalcesine.com\/wp-content\/uploads\/2015\/02\/ferienwohnung-malcesine-gardasee-mit-garage-6.jpg\" alt=\"Garage und Parkplatz in Villa Bruna Ferienwohnung Malcesine Cassone\" width=\"960\" height=\"350\" srcset=\"https:\/\/www.villabrunamalcesine.com\/wp-content\/uploads\/2015\/02\/ferienwohnung-malcesine-gardasee-mit-garage-6.jpg 960w, https:\/\/www.villabrunamalcesine.com\/wp-content\/uploads\/2015\/02\/ferienwohnung-malcesine-gardasee-mit-garage-6-300x109.jpg 300w, https:\/\/www.villabrunamalcesine.com\/wp-content\/uploads\/2015\/02\/ferienwohnung-malcesine-gardasee-mit-garage-6-400x146.jpg 400w\" sizes=\"auto, (max-width: 960px) 100vw, 960px\" \/><\/a><\/div><\/div><\/div><\/div>\nWer schon ein Mal seinen <strong>Urlaub am Gardasee<\/strong> verbracht hat, wei\u00df auch, dass ein <strong>Parkplatz<\/strong> direkt an der Unterkunft nicht unbedingt eine Selbstverst\u00e4ndlichkeit ist. Umso mehr freuen wir uns, dass wir Ihnen einen Parkplatz bzw. <strong>Garagenplatz<\/strong> f\u00fcr Ihr Auto direkt bei uns in der Unterkunft anbieten k\u00f6nnen.<\/p>\n<p>Die \u201eVilla Bruna\u201c verf\u00fcgt \u00fcber drei gro\u00dfe <strong>abschlie\u00dfbare Garagen<\/strong> und zwei weitere Bereiche mit Parkpl\u00e4tzen innerhalb unseres Gel\u00e4ndes. Somit garantieren wir Ihnen f\u00fcr Ihren Aufenthalt einen Parkplatz (in der Garage oder innerhalb des Gel\u00e4ndes) ganz ohne zus\u00e4tzliche Kosten.<\/p>\n<p>Sollten Sie vorhaben, Ihr Auto so wenig wie m\u00f6glich w\u00e4hrend Ihres Urlaubs zu nutzen, ist dieses in der \u201eVilla Bruna\u201c gar kein Problem. Stellen Sie Ihr Auto in der Garage oder auf einem unserer Parkpl\u00e4tze sicher ab und nutzen Sie eine der vielen alternativen Fortbewegungsmittel.<\/p>\n<p>Lassen Sie die vielen Eindr\u00fccke dieser traumhaften Umgebung auf sich wirken, ganz egal, ob zu Fu\u00df bei einem gem\u00fctlichen <strong>Spaziergang immer am Ufer entlang<\/strong>, ob auf zwei R\u00e4dern auf der gut ausgebauten <strong>Seepromenade<\/strong> (<strong>Fahrr\u00e4der<\/strong> k\u00f6nnen Sie in Assenza ausleihen), ob vom Wasser aus mit dem Schiff (Anlegestellen befinden sich in Assenza oder Malcesine), ob mit dem \u00f6ffentlichen <strong>Touristbus<\/strong> innerhalb der <strong>Gemeinde Malcesine<\/strong> oder mit dem <strong>Linienbus entlang des gesamten Sees<\/strong>. Entspannen und die Landschaft genie\u00dfen, k\u00f6nnen Sie hierbei sicher besser, als hinter dem Lenkrad Ihres eigenen Wagens. :-)[\/vc_column_text][vc_masonry_media_grid style=&#8220;all&#8220; items_per_page=&#8220;10&#8243; element_width=&#8220;4&#8243; gap=&#8220;5&#8243; filter_size=&#8220;md&#8220; button_style=&#8220;rounded&#8220; button_color=&#8220;blue&#8220; button_size=&#8220;md&#8220; arrows_design=&#8220;none&#8220; arrows_position=&#8220;inside&#8220; arrows_color=&#8220;blue&#8220; paging_design=&#8220;radio_dots&#8220; paging_color=&#8220;grey&#8220; loop=&#8220;&#8220; autoplay=&#8220;-1&#8243; item=&#8220;masonryMedia_Default&#8220; include=&#8220;714,713,712,711,710&#8243;][\/vc_column][\/vc_row][vc_row][vc_column width=&#8220;1\/1&#8243;][vc_column_text]<div class=\"widget widget_latest_posts\"><h3 class=\"widgettitle\">Zwei R\u00e4der: Tipps und Infos<\/h3>\t\t\t<div class=\"latest_posts\">\n\t\t\t<ul class=\"small-thumb\">\n\t\t\t\t\t\t\t\t\t<li>\n\t\t\t\t\t\t<div class=\"small-custom-frame-wrapper alignleft\"><div class=\"custom-frame-inner-wrapper\"><div class=\"custom-frame-padding\"><a href=\"https:\/\/www.villabrunamalcesine.com\/de\/gardasee-fahrradfahren\/\" title=\"Gardasee Fahrradfahren\"><img loading=\"lazy\" decoding=\"async\" src=\"https:\/\/www.villabrunamalcesine.com\/wp-content\/uploads\/2015\/02\/gardasee-fahrradfahren-villa-bruna-malcesine-100x80_c.jpg\" width=\"100\" height=\"80\" alt=\"Fahrradfahren am Gardasee\" \/><\/a><\/div><\/div><\/div>\t\t\t\t\t\t<a class=\"teaser-title\" title=\"Gardasee Fahrradfahren\" href=\"https:\/\/www.villabrunamalcesine.com\/de\/gardasee-fahrradfahren\/\">Gardasee Fahrradfahren<\/a>\n\t\t\t\t\t\t\t\t\t\t\t\t<div class=\"teaser-content\">\n\t\t\t\t\t\tSie wissen bereits wie sch\u00f6n es ist, den Gardasee mit dem Fahrrad zu erkunden und haben aus diesem Grund Ihre eigenen Fahrr\u00e4der mitgebracht?...\t\t\t\t\t\t<\/div>\n\t\t\t\t\t\t\t\t\t\t\t\t\t\t<a title=\"Gardasee Fahrradfahren\" href=\"https:\/\/www.villabrunamalcesine.com\/de\/gardasee-fahrradfahren\/\" class=\"read-more-align-right\"><span>Mehr<\/span> &rarr;<\/a>\n\t\t\t\t\t\t\t\t\t\t\t\t\t\t<div class=\"clear\"><\/div>\n\t\t\t\t\t<\/li>\n\t\t\t\t\t\t\t\t\t\t<li>\n\t\t\t\t\t\t<div class=\"small-custom-frame-wrapper alignleft\"><div class=\"custom-frame-inner-wrapper\"><div class=\"custom-frame-padding\"><a href=\"https:\/\/www.villabrunamalcesine.com\/de\/motorradfahrer-willkommen\/\" title=\"Motorradfahrer Willkommen\"><img loading=\"lazy\" decoding=\"async\" src=\"https:\/\/www.villabrunamalcesine.com\/wp-content\/uploads\/2015\/02\/gardasee-motorradfahren-villa-bruna-malcesine-100x80_c.jpg\" width=\"100\" height=\"80\" alt=\"Motorrad am Gardasee\" \/><\/a><\/div><\/div><\/div>\t\t\t\t\t\t<a class=\"teaser-title\" title=\"Motorradfahrer Willkommen\" href=\"https:\/\/www.villabrunamalcesine.com\/de\/motorradfahrer-willkommen\/\">Motorradfahrer Willkommen<\/a>\n\t\t\t\t\t\t\t\t\t\t\t\t<div class=\"teaser-content\">\n\t\t\t\t\t\tAuch Motorradfahrer sind bei uns in der \u201eVilla Bruna\u201c herzlich willkommen. In der Garage gibt es immer eine M\u00f6glichkeit Ihr Motorrad unterzustellen. Der...\t\t\t\t\t\t<\/div>\n\t\t\t\t\t\t\t\t\t\t\t\t\t\t<a title=\"Motorradfahrer Willkommen\" href=\"https:\/\/www.villabrunamalcesine.com\/de\/motorradfahrer-willkommen\/\" class=\"read-more-align-right\"><span>Mehr<\/span> &rarr;<\/a>\n\t\t\t\t\t\t\t\t\t\t\t\t\t\t<div class=\"clear\"><\/div>\n\t\t\t\t\t<\/li>\n\t\t\t\t\t\t\t\t<\/ul>\n\t\t\t<\/div><!-- end widget_recent_posts -->\n\t\t\t<\/div>[\/vc_column_text][\/vc_column][\/vc_row]\n<\/div>","protected":false},"excerpt":{"rendered":"<p>Ferienwohnung Gardasee mit Garage und Parkplatz in Malcesine Cassone, Villa Bruna. Drei gro\u00dfe Garagen und zwei Bereiche mit Parkpl\u00e4tzen.<\/p>\n","protected":false},"author":1,"featured_media":715,"parent":704,"menu_order":0,"comment_status":"closed","ping_status":"open","template":"","meta":{"ngg_post_thumbnail":0,"footnotes":""},"class_list":["post-708","page","type-page","status-publish","has-post-thumbnail","hentry"],"yoast_head":"<!-- This site is optimized with the Yoast SEO plugin v27.4 - https:\/\/yoast.com\/product\/yoast-seo-wordpress\/ -->\n<title>Ferienwohnung Gardasee mit Garage<\/title>\n<meta name=\"description\" content=\"Ferienwohnung Gardasee mit Garage und Parkplatz in Malcesine Cassone, Villa Bruna. Drei gro\u00dfe Garagen und zwei Bereiche mit Parkpl\u00e4tzen.\" \/>\n<meta name=\"robots\" content=\"index, follow, max-snippet:-1, max-image-preview:large, max-video-preview:-1\" \/>\n<link rel=\"canonical\" href=\"https:\/\/www.villabrunamalcesine.com\/de\/serviceleistungen\/garage-parkplatz\/\" \/>\n<meta property=\"og:locale\" content=\"de_DE\" \/>\n<meta property=\"og:type\" content=\"article\" \/>\n<meta property=\"og:title\" content=\"Ferienwohnung Gardasee mit Garage\" \/>\n<meta property=\"og:description\" content=\"Ferienwohnung Gardasee mit Garage und Parkplatz in Malcesine Cassone, Villa Bruna. Drei gro\u00dfe Garagen und zwei Bereiche mit Parkpl\u00e4tzen.\" \/>\n<meta property=\"og:url\" content=\"https:\/\/www.villabrunamalcesine.com\/de\/serviceleistungen\/garage-parkplatz\/\" \/>\n<meta property=\"og:site_name\" content=\"Villa Bruna\" \/>\n<meta property=\"article:modified_time\" content=\"2015-02-15T11:06:13+00:00\" \/>\n<meta property=\"og:image\" content=\"https:\/\/www.villabrunamalcesine.com\/wp-content\/uploads\/2015\/02\/ferienwohnung-malcesine-gardasee-mit-garage-6.jpg\" \/>\n\t<meta property=\"og:image:width\" content=\"960\" \/>\n\t<meta property=\"og:image:height\" content=\"350\" \/>\n\t<meta property=\"og:image:type\" content=\"image\/jpeg\" \/>\n<meta name=\"twitter:label1\" content=\"Gesch\u00e4tzte Lesezeit\" \/>\n\t<meta name=\"twitter:data1\" content=\"2\u00a0Minuten\" \/>\n<script type=\"application\/ld+json\" class=\"yoast-schema-graph\">{\"@context\":\"https:\\\/\\\/schema.org\",\"@graph\":[{\"@type\":\"WebPage\",\"@id\":\"https:\\\/\\\/www.villabrunamalcesine.com\\\/de\\\/serviceleistungen\\\/garage-parkplatz\\\/\",\"url\":\"https:\\\/\\\/www.villabrunamalcesine.com\\\/de\\\/serviceleistungen\\\/garage-parkplatz\\\/\",\"name\":\"Ferienwohnung Gardasee mit Garage\",\"isPartOf\":{\"@id\":\"https:\\\/\\\/www.villabrunamalcesine.com\\\/#website\"},\"primaryImageOfPage\":{\"@id\":\"https:\\\/\\\/www.villabrunamalcesine.com\\\/de\\\/serviceleistungen\\\/garage-parkplatz\\\/#primaryimage\"},\"image\":{\"@id\":\"https:\\\/\\\/www.villabrunamalcesine.com\\\/de\\\/serviceleistungen\\\/garage-parkplatz\\\/#primaryimage\"},\"thumbnailUrl\":\"https:\\\/\\\/www.villabrunamalcesine.com\\\/wp-content\\\/uploads\\\/2015\\\/02\\\/ferienwohnung-malcesine-gardasee-mit-garage-6.jpg\",\"datePublished\":\"2015-02-14T11:56:04+00:00\",\"dateModified\":\"2015-02-15T11:06:13+00:00\",\"description\":\"Ferienwohnung Gardasee mit Garage und Parkplatz in Malcesine Cassone, Villa Bruna. Drei gro\u00dfe Garagen und zwei Bereiche mit Parkpl\u00e4tzen.\",\"breadcrumb\":{\"@id\":\"https:\\\/\\\/www.villabrunamalcesine.com\\\/de\\\/serviceleistungen\\\/garage-parkplatz\\\/#breadcrumb\"},\"inLanguage\":\"de\",\"potentialAction\":[{\"@type\":\"ReadAction\",\"target\":[\"https:\\\/\\\/www.villabrunamalcesine.com\\\/de\\\/serviceleistungen\\\/garage-parkplatz\\\/\"]}]},{\"@type\":\"ImageObject\",\"inLanguage\":\"de\",\"@id\":\"https:\\\/\\\/www.villabrunamalcesine.com\\\/de\\\/serviceleistungen\\\/garage-parkplatz\\\/#primaryimage\",\"url\":\"https:\\\/\\\/www.villabrunamalcesine.com\\\/wp-content\\\/uploads\\\/2015\\\/02\\\/ferienwohnung-malcesine-gardasee-mit-garage-6.jpg\",\"contentUrl\":\"https:\\\/\\\/www.villabrunamalcesine.com\\\/wp-content\\\/uploads\\\/2015\\\/02\\\/ferienwohnung-malcesine-gardasee-mit-garage-6.jpg\",\"width\":960,\"height\":350,\"caption\":\"Garage und Parkplatz in Villa Bruna Ferienwohnung Malcesine Cassone\"},{\"@type\":\"BreadcrumbList\",\"@id\":\"https:\\\/\\\/www.villabrunamalcesine.com\\\/de\\\/serviceleistungen\\\/garage-parkplatz\\\/#breadcrumb\",\"itemListElement\":[{\"@type\":\"ListItem\",\"position\":1,\"name\":\"Home\",\"item\":\"https:\\\/\\\/www.villabrunamalcesine.com\\\/de\\\/\"},{\"@type\":\"ListItem\",\"position\":2,\"name\":\"Serviceleistungen\",\"item\":\"https:\\\/\\\/www.villabrunamalcesine.com\\\/de\\\/serviceleistungen\\\/\"},{\"@type\":\"ListItem\",\"position\":3,\"name\":\"Garage und Parkplatz\"}]},{\"@type\":\"WebSite\",\"@id\":\"https:\\\/\\\/www.villabrunamalcesine.com\\\/#website\",\"url\":\"https:\\\/\\\/www.villabrunamalcesine.com\\\/\",\"name\":\"Villa Bruna\",\"description\":\"\",\"potentialAction\":[{\"@type\":\"SearchAction\",\"target\":{\"@type\":\"EntryPoint\",\"urlTemplate\":\"https:\\\/\\\/www.villabrunamalcesine.com\\\/?s={search_term_string}\"},\"query-input\":{\"@type\":\"PropertyValueSpecification\",\"valueRequired\":true,\"valueName\":\"search_term_string\"}}],\"inLanguage\":\"de\"}]}<\/script>\n<!-- \/ Yoast SEO plugin. -->","yoast_head_json":{"title":"Ferienwohnung Gardasee mit Garage","description":"Ferienwohnung Gardasee mit Garage und Parkplatz in Malcesine Cassone, Villa Bruna. Drei gro\u00dfe Garagen und zwei Bereiche mit Parkpl\u00e4tzen.","robots":{"index":"index","follow":"follow","max-snippet":"max-snippet:-1","max-image-preview":"max-image-preview:large","max-video-preview":"max-video-preview:-1"},"canonical":"https:\/\/www.villabrunamalcesine.com\/de\/serviceleistungen\/garage-parkplatz\/","og_locale":"de_DE","og_type":"article","og_title":"Ferienwohnung Gardasee mit Garage","og_description":"Ferienwohnung Gardasee mit Garage und Parkplatz in Malcesine Cassone, Villa Bruna. Drei gro\u00dfe Garagen und zwei Bereiche mit Parkpl\u00e4tzen.","og_url":"https:\/\/www.villabrunamalcesine.com\/de\/serviceleistungen\/garage-parkplatz\/","og_site_name":"Villa Bruna","article_modified_time":"2015-02-15T11:06:13+00:00","og_image":[{"width":960,"height":350,"url":"https:\/\/www.villabrunamalcesine.com\/wp-content\/uploads\/2015\/02\/ferienwohnung-malcesine-gardasee-mit-garage-6.jpg","type":"image\/jpeg"}],"twitter_misc":{"Gesch\u00e4tzte Lesezeit":"2\u00a0Minuten"},"schema":{"@context":"https:\/\/schema.org","@graph":[{"@type":"WebPage","@id":"https:\/\/www.villabrunamalcesine.com\/de\/serviceleistungen\/garage-parkplatz\/","url":"https:\/\/www.villabrunamalcesine.com\/de\/serviceleistungen\/garage-parkplatz\/","name":"Ferienwohnung Gardasee mit Garage","isPartOf":{"@id":"https:\/\/www.villabrunamalcesine.com\/#website"},"primaryImageOfPage":{"@id":"https:\/\/www.villabrunamalcesine.com\/de\/serviceleistungen\/garage-parkplatz\/#primaryimage"},"image":{"@id":"https:\/\/www.villabrunamalcesine.com\/de\/serviceleistungen\/garage-parkplatz\/#primaryimage"},"thumbnailUrl":"https:\/\/www.villabrunamalcesine.com\/wp-content\/uploads\/2015\/02\/ferienwohnung-malcesine-gardasee-mit-garage-6.jpg","datePublished":"2015-02-14T11:56:04+00:00","dateModified":"2015-02-15T11:06:13+00:00","description":"Ferienwohnung Gardasee mit Garage und Parkplatz in Malcesine Cassone, Villa Bruna. Drei gro\u00dfe Garagen und zwei Bereiche mit Parkpl\u00e4tzen.","breadcrumb":{"@id":"https:\/\/www.villabrunamalcesine.com\/de\/serviceleistungen\/garage-parkplatz\/#breadcrumb"},"inLanguage":"de","potentialAction":[{"@type":"ReadAction","target":["https:\/\/www.villabrunamalcesine.com\/de\/serviceleistungen\/garage-parkplatz\/"]}]},{"@type":"ImageObject","inLanguage":"de","@id":"https:\/\/www.villabrunamalcesine.com\/de\/serviceleistungen\/garage-parkplatz\/#primaryimage","url":"https:\/\/www.villabrunamalcesine.com\/wp-content\/uploads\/2015\/02\/ferienwohnung-malcesine-gardasee-mit-garage-6.jpg","contentUrl":"https:\/\/www.villabrunamalcesine.com\/wp-content\/uploads\/2015\/02\/ferienwohnung-malcesine-gardasee-mit-garage-6.jpg","width":960,"height":350,"caption":"Garage und Parkplatz in Villa Bruna Ferienwohnung Malcesine Cassone"},{"@type":"BreadcrumbList","@id":"https:\/\/www.villabrunamalcesine.com\/de\/serviceleistungen\/garage-parkplatz\/#breadcrumb","itemListElement":[{"@type":"ListItem","position":1,"name":"Home","item":"https:\/\/www.villabrunamalcesine.com\/de\/"},{"@type":"ListItem","position":2,"name":"Serviceleistungen","item":"https:\/\/www.villabrunamalcesine.com\/de\/serviceleistungen\/"},{"@type":"ListItem","position":3,"name":"Garage und Parkplatz"}]},{"@type":"WebSite","@id":"https:\/\/www.villabrunamalcesine.com\/#website","url":"https:\/\/www.villabrunamalcesine.com\/","name":"Villa Bruna","description":"","potentialAction":[{"@type":"SearchAction","target":{"@type":"EntryPoint","urlTemplate":"https:\/\/www.villabrunamalcesine.com\/?s={search_term_string}"},"query-input":{"@type":"PropertyValueSpecification","valueRequired":true,"valueName":"search_term_string"}}],"inLanguage":"de"}]}},"_links":{"self":[{"href":"https:\/\/www.villabrunamalcesine.com\/de\/wp-json\/wp\/v2\/pages\/708","targetHints":{"allow":["GET"]}}],"collection":[{"href":"https:\/\/www.villabrunamalcesine.com\/de\/wp-json\/wp\/v2\/pages"}],"about":[{"href":"https:\/\/www.villabrunamalcesine.com\/de\/wp-json\/wp\/v2\/types\/page"}],"author":[{"embeddable":true,"href":"https:\/\/www.villabrunamalcesine.com\/de\/wp-json\/wp\/v2\/users\/1"}],"replies":[{"embeddable":true,"href":"https:\/\/www.villabrunamalcesine.com\/de\/wp-json\/wp\/v2\/comments?post=708"}],"version-history":[{"count":14,"href":"https:\/\/www.villabrunamalcesine.com\/de\/wp-json\/wp\/v2\/pages\/708\/revisions"}],"predecessor-version":[{"id":791,"href":"https:\/\/www.villabrunamalcesine.com\/de\/wp-json\/wp\/v2\/pages\/708\/revisions\/791"}],"up":[{"embeddable":true,"href":"https:\/\/www.villabrunamalcesine.com\/de\/wp-json\/wp\/v2\/pages\/704"}],"wp:featuredmedia":[{"embeddable":true,"href":"https:\/\/www.villabrunamalcesine.com\/de\/wp-json\/wp\/v2\/media\/715"}],"wp:attachment":[{"href":"https:\/\/www.villabrunamalcesine.com\/de\/wp-json\/wp\/v2\/media?parent=708"}],"curies":[{"name":"wp","href":"https:\/\/api.w.org\/{rel}","templated":true}]}}