{"id":704,"date":"2015-02-14T12:21:24","date_gmt":"2015-02-14T11:21:24","guid":{"rendered":"https:\/\/www.villabrunamalcesine.com\/?page_id=704"},"modified":"2015-02-14T19:28:46","modified_gmt":"2015-02-14T18:28:46","slug":"serviceleistungen","status":"publish","type":"page","link":"https:\/\/www.villabrunamalcesine.com\/de\/serviceleistungen\/","title":{"rendered":"Serviceleistungen"},"content":{"rendered":"<div class=\"wpb-content-wrapper\">[vc_row css=&#8220;.vc_custom_1423851926327{padding-top: 20px !important;padding-right: 20px !important;padding-bottom: 20px !important;padding-left: 20px !important;background-color: #e5e5e5 !important;}&#8220;][vc_column width=&#8220;1\/2&#8243;][vc_column_text]\n<h2>Garage &#8211; Parkplatz<\/h2>\n<p>Am Gardasee, direkt am See, ist ein Parkplatz direkt an der Unterkunft nicht unbedingt eine selbstverst\u00e4ndlichkeit. Umso mehr freuen wir uns, dass wir Ihnen einen Parkplatz bzw. Garagenplatz f\u00fcr Ihr Auto direkt bei uns in der Unterkunft anbieten k\u00f6nnen.<\/p>\n<a class=\"flat-custom-button align-btn-left\" href=\"https:\/\/www.villabrunamalcesine.com\/de\/serviceleistungen\/garage-parkplatz\/\" title=\"Flat Button\"><span style=\"padding:10px 20px; background-color:#FF5C00; border:1px solid #FF5C00; color:#FFFFFF; font-size:14px;\">Mehr<\/span><\/a>[\/vc_column_text][\/vc_column][vc_column width=&#8220;1\/2&#8243;][vc_column_text]\n<div class=\"custom-frame-wrapper alignright\"><div class=\"custom-frame-inner-wrapper\"><div class=\"custom-frame-padding\"><img loading=\"lazy\" decoding=\"async\" class=\"alignnone wp-image-714 size-medium\" src=\"https:\/\/www.villabrunamalcesine.com\/wp-content\/uploads\/2015\/02\/ferienwohnung-malcesine-gardasee-mit-garage-5-300x200.jpg\" alt=\"ferienwohnung-malcesine-gardasee-mit-garage-5\" width=\"300\" height=\"200\" srcset=\"https:\/\/www.villabrunamalcesine.com\/wp-content\/uploads\/2015\/02\/ferienwohnung-malcesine-gardasee-mit-garage-5-300x200.jpg 300w, https:\/\/www.villabrunamalcesine.com\/wp-content\/uploads\/2015\/02\/ferienwohnung-malcesine-gardasee-mit-garage-5.jpg 1024w, https:\/\/www.villabrunamalcesine.com\/wp-content\/uploads\/2015\/02\/ferienwohnung-malcesine-gardasee-mit-garage-5-400x267.jpg 400w\" sizes=\"auto, (max-width: 300px) 100vw, 300px\" \/>Parkplatz und Garage<\/div><\/div><\/div>[\/vc_column_text][\/vc_column][\/vc_row][vc_row css=&#8220;.vc_custom_1423851926327{padding-top: 20px !important;padding-right: 20px !important;padding-bottom: 20px !important;padding-left: 20px !important;background-color: #e5e5e5 !important;}&#8220;][vc_column width=&#8220;1\/2&#8243;][vc_column_text]\n<h2>Grillplatz<\/h2>\n<p>Grillplatz in Villa Bruna: Sie k\u00f6nnen hier in friedlicher Atmosph\u00e4re einen gem\u00fctlichen und ruhigen Grillabend im Kreis der Familie verbringen.<\/p>\n<a class=\"flat-custom-button align-btn-left\" href=\"https:\/\/www.villabrunamalcesine.com\/de\/serviceleistungen\/grillplatz\/\" title=\"Flat Button\"><span style=\"padding:10px 20px; background-color:#FF5C00; border:1px solid #FF5C00; color:#FFFFFF; font-size:14px;\">Mehr<\/span><\/a>[\/vc_column_text][\/vc_column][vc_column width=&#8220;1\/2&#8243;][vc_column_text]<div class=\"custom-frame-wrapper alignright\"><div class=\"custom-frame-inner-wrapper\"><div class=\"custom-frame-padding\"><a href=\"https:\/\/www.villabrunamalcesine.com\/wp-content\/uploads\/2015\/02\/gardasee-grillplatz.jpg\" rel=\"wp-prettyPhoto[704]\"><img loading=\"lazy\" decoding=\"async\" class=\"alignnone size-medium wp-image-750\" src=\"https:\/\/www.villabrunamalcesine.com\/wp-content\/uploads\/2015\/02\/gardasee-grillplatz-300x200.jpg\" alt=\"gardasee-grillplatz\" width=\"300\" height=\"200\" srcset=\"https:\/\/www.villabrunamalcesine.com\/wp-content\/uploads\/2015\/02\/gardasee-grillplatz-300x200.jpg 300w, https:\/\/www.villabrunamalcesine.com\/wp-content\/uploads\/2015\/02\/gardasee-grillplatz.jpg 1024w, https:\/\/www.villabrunamalcesine.com\/wp-content\/uploads\/2015\/02\/gardasee-grillplatz-400x267.jpg 400w\" sizes=\"auto, (max-width: 300px) 100vw, 300px\" \/><\/a>Grillplatz mit Seeblick<\/div><\/div><\/div>[\/vc_column_text][\/vc_column][\/vc_row]\n<\/div>","protected":false},"excerpt":{"rendered":"<p>[vc_row css=&#8220;.vc_custom_1423851926327{padding-top: 20px !important;padding-right: 20px !important;padding-bottom: 20px !important;padding-left: 20px !important;background-color: #e5e5e5 !important;}&#8220;][vc_column width=&#8220;1\/2&#8243;][vc_column_text] Garage &#8211; Parkplatz Am Gardasee, direkt am See, ist ein Parkplatz direkt an der Unterkunft nicht unbedingt eine selbstverst\u00e4ndlichkeit. Umso mehr freuen wir uns, dass wir Ihnen einen Parkplatz bzw. Garagenplatz f\u00fcr Ihr Auto<\/p>\n","protected":false},"author":1,"featured_media":294,"parent":0,"menu_order":3,"comment_status":"closed","ping_status":"open","template":"","meta":{"ngg_post_thumbnail":0,"footnotes":""},"class_list":["post-704","page","type-page","status-publish","has-post-thumbnail","hentry"],"yoast_head":"<!-- This site is optimized with the Yoast SEO plugin v27.5 - https:\/\/yoast.com\/product\/yoast-seo-wordpress\/ -->\n<title>Ferienwohnung Malcesine Gardasee Privat<\/title>\n<meta name=\"description\" content=\"Ferienwohnung Malcesine Gardasee Privat mit Parkplatz, Garage, Seeblick, Strand, Grillplatz. Privater Steg und Boje. Familien mit Kinder Wilkommen.\" \/>\n<meta name=\"robots\" content=\"index, follow, max-snippet:-1, max-image-preview:large, max-video-preview:-1\" \/>\n<link rel=\"canonical\" href=\"https:\/\/www.villabrunamalcesine.com\/de\/serviceleistungen\/\" \/>\n<meta property=\"og:locale\" content=\"de_DE\" \/>\n<meta property=\"og:type\" content=\"article\" \/>\n<meta property=\"og:title\" content=\"Ferienwohnung Malcesine Gardasee Privat\" \/>\n<meta property=\"og:description\" content=\"Ferienwohnung Malcesine Gardasee Privat mit Parkplatz, Garage, Seeblick, Strand, Grillplatz. Privater Steg und Boje. Familien mit Kinder Wilkommen.\" \/>\n<meta property=\"og:url\" content=\"https:\/\/www.villabrunamalcesine.com\/de\/serviceleistungen\/\" \/>\n<meta property=\"og:site_name\" content=\"Villa Bruna\" \/>\n<meta property=\"article:modified_time\" content=\"2015-02-14T18:28:46+00:00\" \/>\n<meta property=\"og:image\" content=\"https:\/\/www.villabrunamalcesine.com\/wp-content\/uploads\/2014\/05\/pontile.jpg\" \/>\n\t<meta property=\"og:image:width\" content=\"940\" \/>\n\t<meta property=\"og:image:height\" content=\"343\" \/>\n\t<meta property=\"og:image:type\" content=\"image\/jpeg\" \/>\n<meta name=\"twitter:label1\" content=\"Gesch\u00e4tzte Lesezeit\" \/>\n\t<meta name=\"twitter:data1\" content=\"1\u00a0Minute\" \/>\n<script type=\"application\/ld+json\" class=\"yoast-schema-graph\">{\"@context\":\"https:\\\/\\\/schema.org\",\"@graph\":[{\"@type\":\"WebPage\",\"@id\":\"https:\\\/\\\/www.villabrunamalcesine.com\\\/de\\\/serviceleistungen\\\/\",\"url\":\"https:\\\/\\\/www.villabrunamalcesine.com\\\/de\\\/serviceleistungen\\\/\",\"name\":\"Ferienwohnung Malcesine Gardasee Privat\",\"isPartOf\":{\"@id\":\"https:\\\/\\\/www.villabrunamalcesine.com\\\/#website\"},\"primaryImageOfPage\":{\"@id\":\"https:\\\/\\\/www.villabrunamalcesine.com\\\/de\\\/serviceleistungen\\\/#primaryimage\"},\"image\":{\"@id\":\"https:\\\/\\\/www.villabrunamalcesine.com\\\/de\\\/serviceleistungen\\\/#primaryimage\"},\"thumbnailUrl\":\"https:\\\/\\\/www.villabrunamalcesine.com\\\/wp-content\\\/uploads\\\/2014\\\/05\\\/pontile.jpg\",\"datePublished\":\"2015-02-14T11:21:24+00:00\",\"dateModified\":\"2015-02-14T18:28:46+00:00\",\"description\":\"Ferienwohnung Malcesine Gardasee Privat mit Parkplatz, Garage, Seeblick, Strand, Grillplatz. Privater Steg und Boje. Familien mit Kinder Wilkommen.\",\"breadcrumb\":{\"@id\":\"https:\\\/\\\/www.villabrunamalcesine.com\\\/de\\\/serviceleistungen\\\/#breadcrumb\"},\"inLanguage\":\"de\",\"potentialAction\":[{\"@type\":\"ReadAction\",\"target\":[\"https:\\\/\\\/www.villabrunamalcesine.com\\\/de\\\/serviceleistungen\\\/\"]}]},{\"@type\":\"ImageObject\",\"inLanguage\":\"de\",\"@id\":\"https:\\\/\\\/www.villabrunamalcesine.com\\\/de\\\/serviceleistungen\\\/#primaryimage\",\"url\":\"https:\\\/\\\/www.villabrunamalcesine.com\\\/wp-content\\\/uploads\\\/2014\\\/05\\\/pontile.jpg\",\"contentUrl\":\"https:\\\/\\\/www.villabrunamalcesine.com\\\/wp-content\\\/uploads\\\/2014\\\/05\\\/pontile.jpg\",\"width\":940,\"height\":343,\"caption\":\"Villa Bruna Malcesine Badestrand\"},{\"@type\":\"BreadcrumbList\",\"@id\":\"https:\\\/\\\/www.villabrunamalcesine.com\\\/de\\\/serviceleistungen\\\/#breadcrumb\",\"itemListElement\":[{\"@type\":\"ListItem\",\"position\":1,\"name\":\"Home\",\"item\":\"https:\\\/\\\/www.villabrunamalcesine.com\\\/de\\\/\"},{\"@type\":\"ListItem\",\"position\":2,\"name\":\"Serviceleistungen\"}]},{\"@type\":\"WebSite\",\"@id\":\"https:\\\/\\\/www.villabrunamalcesine.com\\\/#website\",\"url\":\"https:\\\/\\\/www.villabrunamalcesine.com\\\/\",\"name\":\"Villa Bruna\",\"description\":\"\",\"potentialAction\":[{\"@type\":\"SearchAction\",\"target\":{\"@type\":\"EntryPoint\",\"urlTemplate\":\"https:\\\/\\\/www.villabrunamalcesine.com\\\/?s={search_term_string}\"},\"query-input\":{\"@type\":\"PropertyValueSpecification\",\"valueRequired\":true,\"valueName\":\"search_term_string\"}}],\"inLanguage\":\"de\"}]}<\/script>\n<!-- \/ Yoast SEO plugin. -->","yoast_head_json":{"title":"Ferienwohnung Malcesine Gardasee Privat","description":"Ferienwohnung Malcesine Gardasee Privat mit Parkplatz, Garage, Seeblick, Strand, Grillplatz. Privater Steg und Boje. Familien mit Kinder Wilkommen.","robots":{"index":"index","follow":"follow","max-snippet":"max-snippet:-1","max-image-preview":"max-image-preview:large","max-video-preview":"max-video-preview:-1"},"canonical":"https:\/\/www.villabrunamalcesine.com\/de\/serviceleistungen\/","og_locale":"de_DE","og_type":"article","og_title":"Ferienwohnung Malcesine Gardasee Privat","og_description":"Ferienwohnung Malcesine Gardasee Privat mit Parkplatz, Garage, Seeblick, Strand, Grillplatz. Privater Steg und Boje. Familien mit Kinder Wilkommen.","og_url":"https:\/\/www.villabrunamalcesine.com\/de\/serviceleistungen\/","og_site_name":"Villa Bruna","article_modified_time":"2015-02-14T18:28:46+00:00","og_image":[{"width":940,"height":343,"url":"https:\/\/www.villabrunamalcesine.com\/wp-content\/uploads\/2014\/05\/pontile.jpg","type":"image\/jpeg"}],"twitter_misc":{"Gesch\u00e4tzte Lesezeit":"1\u00a0Minute"},"schema":{"@context":"https:\/\/schema.org","@graph":[{"@type":"WebPage","@id":"https:\/\/www.villabrunamalcesine.com\/de\/serviceleistungen\/","url":"https:\/\/www.villabrunamalcesine.com\/de\/serviceleistungen\/","name":"Ferienwohnung Malcesine Gardasee Privat","isPartOf":{"@id":"https:\/\/www.villabrunamalcesine.com\/#website"},"primaryImageOfPage":{"@id":"https:\/\/www.villabrunamalcesine.com\/de\/serviceleistungen\/#primaryimage"},"image":{"@id":"https:\/\/www.villabrunamalcesine.com\/de\/serviceleistungen\/#primaryimage"},"thumbnailUrl":"https:\/\/www.villabrunamalcesine.com\/wp-content\/uploads\/2014\/05\/pontile.jpg","datePublished":"2015-02-14T11:21:24+00:00","dateModified":"2015-02-14T18:28:46+00:00","description":"Ferienwohnung Malcesine Gardasee Privat mit Parkplatz, Garage, Seeblick, Strand, Grillplatz. Privater Steg und Boje. Familien mit Kinder Wilkommen.","breadcrumb":{"@id":"https:\/\/www.villabrunamalcesine.com\/de\/serviceleistungen\/#breadcrumb"},"inLanguage":"de","potentialAction":[{"@type":"ReadAction","target":["https:\/\/www.villabrunamalcesine.com\/de\/serviceleistungen\/"]}]},{"@type":"ImageObject","inLanguage":"de","@id":"https:\/\/www.villabrunamalcesine.com\/de\/serviceleistungen\/#primaryimage","url":"https:\/\/www.villabrunamalcesine.com\/wp-content\/uploads\/2014\/05\/pontile.jpg","contentUrl":"https:\/\/www.villabrunamalcesine.com\/wp-content\/uploads\/2014\/05\/pontile.jpg","width":940,"height":343,"caption":"Villa Bruna Malcesine Badestrand"},{"@type":"BreadcrumbList","@id":"https:\/\/www.villabrunamalcesine.com\/de\/serviceleistungen\/#breadcrumb","itemListElement":[{"@type":"ListItem","position":1,"name":"Home","item":"https:\/\/www.villabrunamalcesine.com\/de\/"},{"@type":"ListItem","position":2,"name":"Serviceleistungen"}]},{"@type":"WebSite","@id":"https:\/\/www.villabrunamalcesine.com\/#website","url":"https:\/\/www.villabrunamalcesine.com\/","name":"Villa Bruna","description":"","potentialAction":[{"@type":"SearchAction","target":{"@type":"EntryPoint","urlTemplate":"https:\/\/www.villabrunamalcesine.com\/?s={search_term_string}"},"query-input":{"@type":"PropertyValueSpecification","valueRequired":true,"valueName":"search_term_string"}}],"inLanguage":"de"}]}},"_links":{"self":[{"href":"https:\/\/www.villabrunamalcesine.com\/de\/wp-json\/wp\/v2\/pages\/704","targetHints":{"allow":["GET"]}}],"collection":[{"href":"https:\/\/www.villabrunamalcesine.com\/de\/wp-json\/wp\/v2\/pages"}],"about":[{"href":"https:\/\/www.villabrunamalcesine.com\/de\/wp-json\/wp\/v2\/types\/page"}],"author":[{"embeddable":true,"href":"https:\/\/www.villabrunamalcesine.com\/de\/wp-json\/wp\/v2\/users\/1"}],"replies":[{"embeddable":true,"href":"https:\/\/www.villabrunamalcesine.com\/de\/wp-json\/wp\/v2\/comments?post=704"}],"version-history":[{"count":6,"href":"https:\/\/www.villabrunamalcesine.com\/de\/wp-json\/wp\/v2\/pages\/704\/revisions"}],"predecessor-version":[{"id":751,"href":"https:\/\/www.villabrunamalcesine.com\/de\/wp-json\/wp\/v2\/pages\/704\/revisions\/751"}],"wp:featuredmedia":[{"embeddable":true,"href":"https:\/\/www.villabrunamalcesine.com\/de\/wp-json\/wp\/v2\/media\/294"}],"wp:attachment":[{"href":"https:\/\/www.villabrunamalcesine.com\/de\/wp-json\/wp\/v2\/media?parent=704"}],"curies":[{"name":"wp","href":"https:\/\/api.w.org\/{rel}","templated":true}]}}